{"id":9001,"date":"2025-06-08T00:35:14","date_gmt":"2025-06-08T04:35:14","guid":{"rendered":"https:\/\/innovainvestin.com\/innova-luxury\/"},"modified":"2025-06-12T07:21:17","modified_gmt":"2025-06-12T11:21:17","slug":"innova-luxury","status":"publish","type":"page","link":"https:\/\/innovainvestin.com\/fr\/innova-luxury\/","title":{"rendered":"Innova Luxury"},"content":{"rendered":"\t\t<div data-elementor-type=\"wp-page\" data-elementor-id=\"9001\" class=\"elementor elementor-9001 elementor-8956\" data-elementor-post-type=\"page\">\n\t\t\t\t<div class=\"elementor-element elementor-element-3184ad3 e-con-full e-flex e-con e-parent\" data-id=\"3184ad3\" data-element_type=\"container\" data-e-type=\"container\" data-settings=\"{&quot;background_background&quot;:&quot;classic&quot;}\">\n\t\t\t\t<\/div>\n\t\t<div class=\"elementor-element elementor-element-743b46e e-flex e-con-boxed e-con e-parent\" data-id=\"743b46e\" data-element_type=\"container\" data-e-type=\"container\" data-settings=\"{&quot;background_background&quot;:&quot;classic&quot;}\">\n\t\t\t\t\t<div class=\"e-con-inner\">\n\t\t<div class=\"elementor-element elementor-element-215eeef e-con-full e-flex e-con e-child\" data-id=\"215eeef\" data-element_type=\"container\" data-e-type=\"container\">\n\t\t\t\t<div class=\"elementor-element elementor-element-36bd769 elementor-widget elementor-widget-heading\" data-id=\"36bd769\" data-element_type=\"widget\" data-e-type=\"widget\" data-widget_type=\"heading.default\">\n\t\t\t\t<div class=\"elementor-widget-container\">\n\t\t\t\t\t<h1 class=\"elementor-heading-title elementor-size-default\">Innova Luxury<\/h1>\t\t\t\t<\/div>\n\t\t\t\t<\/div>\n\t\t\t\t<div class=\"elementor-element elementor-element-adedef7 elementor-widget elementor-widget-text-editor\" data-id=\"adedef7\" data-element_type=\"widget\" data-e-type=\"widget\" data-widget_type=\"text-editor.default\">\n\t\t\t\t<div class=\"elementor-widget-container\">\n\t\t\t\t\t\t\t\t\t<p data-start=\"289\" data-end=\"587\">Innova Luxury pr\u00e9sente les biens immobiliers les plus exclusifs de Punta Cana. Notre collection de r\u00e9sidences haut de gamme \u2013 situ\u00e9es dans les zones les plus privil\u00e9gi\u00e9es et les plus exclusives \u2013 comprend des villas en bord de mer, des penthouses sophistiqu\u00e9s et des propri\u00e9t\u00e9s dans des communaut\u00e9s d \u00ab \u00e9lite, s\u00e9lectionn\u00e9es pour leur design, leur intimit\u00e9 et leur valeur d \u00bb \u00e9quit\u00e9. Vivez une exp\u00e9rience d&rsquo;achat de premier ordre gr\u00e2ce \u00e0 l&rsquo;assistance \u00e9troite et professionnelle d&rsquo;Innova Real Estate.  <\/p><p data-start=\"589\" data-end=\"883\">En tant qu&rsquo;entreprise familiale \u00e0 vocation internationale et \u00e0 pr\u00e9sence exclusive \u00e0 Punta Cana, nous connaissons tous les recoins du march\u00e9 local. Notre \u00e9quipe vous apportera un soutien \u00e9troit et professionnel tout au long du processus, vous garantissant une exp\u00e9rience d&rsquo;achat s\u00fbre, transparente et personnalis\u00e9e. <\/p><p data-start=\"885\" data-end=\"969\">D\u00e9couvrez des opportunit\u00e9s uniques de vivre, de passer des vacances ou d&rsquo;investir en toute confiance.<\/p>\t\t\t\t\t\t\t\t<\/div>\n\t\t\t\t<\/div>\n\t\t\t\t<\/div>\n\t\t\t\t\t<\/div>\n\t\t\t\t<\/div>\n\t\t<div class=\"elementor-element elementor-element-73ee530 e-flex e-con-boxed e-con e-parent\" data-id=\"73ee530\" data-element_type=\"container\" data-e-type=\"container\">\n\t\t\t\t\t<div class=\"e-con-inner\">\n\t\t\t\t<div class=\"elementor-element elementor-element-3c7f518 elementor-widget elementor-widget-rhea-ultra-properties-widget-1\" data-id=\"3c7f518\" data-element_type=\"widget\" data-e-type=\"widget\" data-widget_type=\"rhea-ultra-properties-widget-1.default\">\n\t\t\t\t<div class=\"elementor-widget-container\">\n\t\t\t\t\t<div id=\"rhea-ultra-properties-3c7f518\" class=\"rhea-ultra-properties-container\">\n        <div id=\"rhea-filterable-properties-container\" class=\"rhea-ultra-properties-inner-container rhea-ultra-properties-grid-columns rhea-ultra-properties-grid-columns-3\">\n\t\t<div class=\"rhea-ultra-property-card-outer\">\n    <div class=\"rhea-ultra-property-card\">\n        <div class=\"rhea-ultra-card-thumb-wrapper\">\n            <div class=\"rhea-ultra-property-thumb\">\n\t\t\t\t<a class=\"rhea_permalink\" href=\"https:\/\/innovainvestin.com\/fr\/propiedad\/vita-del-mare\/\">\n\t<img fetchpriority=\"high\" decoding=\"async\" width=\"488\" height=\"326\" src=\"https:\/\/innovainvestin.com\/wp-content\/uploads\/2025\/05\/View-1-New-D02-488x326.jpg\" class=\"attachment-property-thumb-image size-property-thumb-image wp-post-image\" alt=\"\" \/><\/a>            <\/div>\n            <div class=\"rhea-ultra-top-tags-box\">\n                <div class=\"rhea-ultra-status-box\">\n\t\t\t\t\t                <\/div>\n\t\t\t\t            <\/div>\n            <div class=\"rhea-ultra-bottom-box rhea-ultra-flex-end\">\n                <div class=\"rhea-ultra-action-buttons rh-ultra-action-light hover-light\">\n\t\t\t\t\t                <\/div>\n            <\/div>\n        <\/div>\n        <div class=\"rhea-ultra-card-detail-wrapper\">\n\t\t\t<h3 class=\"rhea-ultra-property-title\"><a href=\"https:\/\/innovainvestin.com\/fr\/propiedad\/vita-del-mare\/\">Vita del Mare<\/a><\/h3>        <div class=\"rhea_address_ultra\">\n            <a             class=\"rhea_trigger_map rhea_facnybox_trigger-3c7f518 \" data-rhea-map-source=\"rhea-map-source-3c7f518\" data-rhea-map-location=\"18.698383,-68.451141,14\" data-rhea-map-title=\"Vita del Mare\" data-rhea-map-price=\"\u00c0 partir de \u20ac224,500 \" data-rhea-map-thumb=\"https:\/\/innovainvestin.com\/wp-content\/uploads\/2025\/05\/View-1-New-D02-488x326.jpg\"\n\t\t\t href=\"https:\/\/innovainvestin.com\/fr\/propiedad\/vita-del-mare\/\">\n                <span class=\"rhea_ultra_address_pin\"><svg xmlns=\"http:\/\/www.w3.org\/2000\/svg\" viewBox=\"5 2 14 20\"><style type=\"text\/css\">  \n\t.line-st0{fill:none;}\n\t.line-st1{opacity:0.24;enable-background:new    ;}\n<\/style>\n<path class=\"line-st0\" d=\"M0 0h24v24H0V0z\"\/>\n<path class=\"line-st1\" d=\"M12 4C9.2 4 7 6.2 7 9c0 2.9 2.9 7.2 5 9.9 2.1-2.7 5-7 5-9.9C17 6.2 14.8 4 12 4zM12 11.5c-1.4 0-2.5-1.1-2.5-2.5s1.1-2.5 2.5-2.5 2.5 1.1 2.5 2.5S13.4 11.5 12 11.5z\"\/><path d=\"M12 2C8.1 2 5 5.1 5 9c0 5.3 7 13 7 13s7-7.8 7-13C19 5.1 15.9 2 12 2zM7 9c0-2.8 2.2-5 5-5s5 2.2 5 5c0 2.9-2.9 7.2-5 9.9C9.9 16.2 7 11.9 7 9z\"\/><circle cx=\"12\" cy=\"9\" r=\"2.5\"\/><\/svg>\n<\/span>\n\t\t\t\tLas Canas, Cap Cana            <\/a>\n        <\/div>\n\t\t                        <span class=\"rhea-ultra-property-types\">\n                            <small><a href=\"https:\/\/innovainvestin.com\/fr\/tipo-propiedad\/appartement\/\">Appartement<\/a>, <a href=\"https:\/\/innovainvestin.com\/fr\/tipo-propiedad\/penthouse-fr\/\">Penthouse<\/a>, <a href=\"https:\/\/innovainvestin.com\/fr\/tipo-propiedad\/premium-fr\/\">Premium<\/a><\/small>                        <\/span>\n\t\t\t\t\t\t            <div class=\"rhea-ultra-price-meta-box  \">\n\t\t\t\t<div class=\"rh_prop_card__priceLabel_ultra\">\n\t<p class=\"rh_prop_card__price_ultra\">\n\t\t<span class=\"ere-price-prefix\">\u00c0 partir de<\/span> <span class=\"ere-price-display\">\u20ac224,500<\/span>\t<\/p>\n<\/div>    <div class=\"rh_prop_card_meta_wrap_ultra rh-ul-tooltip\">\n\t\t    <\/div>\n\t            <\/div>\n            <div class=\"rvr_card_info_wrap\">\n\t\t\t\t                <p class=\"added-date\">\n\t\t\t\t\t22\/05\/2025                <\/p>\n            <\/div>\n        <\/div>\n    <\/div>\n<\/div>\n<div class=\"rhea-ultra-property-card-outer\">\n    <div class=\"rhea-ultra-property-card\">\n        <div class=\"rhea-ultra-card-thumb-wrapper\">\n            <div class=\"rhea-ultra-property-thumb\">\n\t\t\t\t<a class=\"rhea_permalink\" href=\"https:\/\/innovainvestin.com\/fr\/propiedad\/recif-et-golf\/\">\n\t<img decoding=\"async\" width=\"488\" height=\"326\" src=\"https:\/\/innovainvestin.com\/wp-content\/uploads\/2025\/04\/ReefGolf-Pool-1-488x326.jpg\" class=\"attachment-property-thumb-image size-property-thumb-image wp-post-image\" alt=\"\" \/><\/a>            <\/div>\n            <div class=\"rhea-ultra-top-tags-box\">\n                <div class=\"rhea-ultra-status-box\">\n\t\t\t\t\t                <\/div>\n\t\t\t\t            <\/div>\n            <div class=\"rhea-ultra-bottom-box rhea-ultra-flex-end\">\n                <div class=\"rhea-ultra-action-buttons rh-ultra-action-light hover-light\">\n\t\t\t\t\t                <\/div>\n            <\/div>\n        <\/div>\n        <div class=\"rhea-ultra-card-detail-wrapper\">\n\t\t\t<h3 class=\"rhea-ultra-property-title\"><a href=\"https:\/\/innovainvestin.com\/fr\/propiedad\/recif-et-golf\/\">Reef &amp; Golf<\/a><\/h3>        <div class=\"rhea_address_ultra\">\n            <a  href=\"https:\/\/innovainvestin.com\/fr\/propiedad\/recif-et-golf\/\">\n                <span class=\"rhea_ultra_address_pin\"><svg xmlns=\"http:\/\/www.w3.org\/2000\/svg\" viewBox=\"5 2 14 20\"><style type=\"text\/css\">  \n\t.line-st0{fill:none;}\n\t.line-st1{opacity:0.24;enable-background:new    ;}\n<\/style>\n<path class=\"line-st0\" d=\"M0 0h24v24H0V0z\"\/>\n<path class=\"line-st1\" d=\"M12 4C9.2 4 7 6.2 7 9c0 2.9 2.9 7.2 5 9.9 2.1-2.7 5-7 5-9.9C17 6.2 14.8 4 12 4zM12 11.5c-1.4 0-2.5-1.1-2.5-2.5s1.1-2.5 2.5-2.5 2.5 1.1 2.5 2.5S13.4 11.5 12 11.5z\"\/><path d=\"M12 2C8.1 2 5 5.1 5 9c0 5.3 7 13 7 13s7-7.8 7-13C19 5.1 15.9 2 12 2zM7 9c0-2.8 2.2-5 5-5s5 2.2 5 5c0 2.9-2.9 7.2-5 9.9C9.9 16.2 7 11.9 7 9z\"\/><circle cx=\"12\" cy=\"9\" r=\"2.5\"\/><\/svg>\n<\/span>\n\t\t\t\tCap Cana            <\/a>\n        <\/div>\n\t\t                        <span class=\"rhea-ultra-property-types\">\n                            <small><a href=\"https:\/\/innovainvestin.com\/fr\/tipo-propiedad\/appartement\/\">Appartement<\/a>, <a href=\"https:\/\/innovainvestin.com\/fr\/tipo-propiedad\/penthouse-fr\/\">Penthouse<\/a>, <a href=\"https:\/\/innovainvestin.com\/fr\/tipo-propiedad\/premium-fr\/\">Premium<\/a><\/small>                        <\/span>\n\t\t\t\t\t\t            <div class=\"rhea-ultra-price-meta-box  \">\n\t\t\t\t<div class=\"rh_prop_card__priceLabel_ultra\">\n\t<p class=\"rh_prop_card__price_ultra\">\n\t\t<span class=\"ere-price-prefix\">\u00c0 partir de<\/span> <span class=\"ere-price-display\">\u20ac344,379<\/span>\t<\/p>\n<\/div>    <div class=\"rh_prop_card_meta_wrap_ultra rh-ul-tooltip\">\n\t\t    <\/div>\n\t            <\/div>\n            <div class=\"rvr_card_info_wrap\">\n\t\t\t\t                <p class=\"added-date\">\n\t\t\t\t\t23\/04\/2025                <\/p>\n            <\/div>\n        <\/div>\n    <\/div>\n<\/div>\n<div class=\"rhea-ultra-property-card-outer\">\n    <div class=\"rhea-ultra-property-card\">\n        <div class=\"rhea-ultra-card-thumb-wrapper\">\n            <div class=\"rhea-ultra-property-thumb\">\n\t\t\t\t<a class=\"rhea_permalink\" href=\"https:\/\/innovainvestin.com\/fr\/propiedad\/jardin-de-cristal\/\">\n\t<img decoding=\"async\" width=\"488\" height=\"326\" src=\"https:\/\/innovainvestin.com\/wp-content\/uploads\/2025\/04\/00-17-ROOFTOP-04-2-488x326.jpg\" class=\"attachment-property-thumb-image size-property-thumb-image wp-post-image\" alt=\"\" \/><\/a>            <\/div>\n            <div class=\"rhea-ultra-top-tags-box\">\n                <div class=\"rhea-ultra-status-box\">\n\t\t\t\t\t                <\/div>\n\t\t\t\t            <\/div>\n            <div class=\"rhea-ultra-bottom-box rhea-ultra-flex-end\">\n                <div class=\"rhea-ultra-action-buttons rh-ultra-action-light hover-light\">\n\t\t\t\t\t                <\/div>\n            <\/div>\n        <\/div>\n        <div class=\"rhea-ultra-card-detail-wrapper\">\n\t\t\t<h3 class=\"rhea-ultra-property-title\"><a href=\"https:\/\/innovainvestin.com\/fr\/propiedad\/jardin-de-cristal\/\">Jardin de cristal<\/a><\/h3>        <div class=\"rhea_address_ultra\">\n            <a  href=\"https:\/\/innovainvestin.com\/fr\/propiedad\/jardin-de-cristal\/\">\n                <span class=\"rhea_ultra_address_pin\"><svg xmlns=\"http:\/\/www.w3.org\/2000\/svg\" viewBox=\"5 2 14 20\"><style type=\"text\/css\">  \n\t.line-st0{fill:none;}\n\t.line-st1{opacity:0.24;enable-background:new    ;}\n<\/style>\n<path class=\"line-st0\" d=\"M0 0h24v24H0V0z\"\/>\n<path class=\"line-st1\" d=\"M12 4C9.2 4 7 6.2 7 9c0 2.9 2.9 7.2 5 9.9 2.1-2.7 5-7 5-9.9C17 6.2 14.8 4 12 4zM12 11.5c-1.4 0-2.5-1.1-2.5-2.5s1.1-2.5 2.5-2.5 2.5 1.1 2.5 2.5S13.4 11.5 12 11.5z\"\/><path d=\"M12 2C8.1 2 5 5.1 5 9c0 5.3 7 13 7 13s7-7.8 7-13C19 5.1 15.9 2 12 2zM7 9c0-2.8 2.2-5 5-5s5 2.2 5 5c0 2.9-2.9 7.2-5 9.9C9.9 16.2 7 11.9 7 9z\"\/><circle cx=\"12\" cy=\"9\" r=\"2.5\"\/><\/svg>\n<\/span>\n\t\t\t\tLas Canas, Cap Cana            <\/a>\n        <\/div>\n\t\t                        <span class=\"rhea-ultra-property-types\">\n                            <small><a href=\"https:\/\/innovainvestin.com\/fr\/tipo-propiedad\/appartement\/\">Appartement<\/a>, <a href=\"https:\/\/innovainvestin.com\/fr\/tipo-propiedad\/penthouse-fr\/\">Penthouse<\/a>, <a href=\"https:\/\/innovainvestin.com\/fr\/tipo-propiedad\/premium-fr\/\">Premium<\/a><\/small>                        <\/span>\n\t\t\t\t\t\t            <div class=\"rhea-ultra-price-meta-box  \">\n\t\t\t\t<div class=\"rh_prop_card__priceLabel_ultra\">\n\t<p class=\"rh_prop_card__price_ultra\">\n\t\t<span class=\"ere-price-prefix\">\u00c0 partir de<\/span> <span class=\"ere-price-display\">\u20ac475,000<\/span>\t<\/p>\n<\/div>    <div class=\"rh_prop_card_meta_wrap_ultra rh-ul-tooltip\">\n\t\t    <\/div>\n\t            <\/div>\n            <div class=\"rvr_card_info_wrap\">\n\t\t\t\t                <p class=\"added-date\">\n\t\t\t\t\t23\/04\/2025                <\/p>\n            <\/div>\n        <\/div>\n    <\/div>\n<\/div>\n<div class=\"rhea-ultra-property-card-outer\">\n    <div class=\"rhea-ultra-property-card\">\n        <div class=\"rhea-ultra-card-thumb-wrapper\">\n            <div class=\"rhea-ultra-property-thumb\">\n\t\t\t\t<a class=\"rhea_permalink\" href=\"https:\/\/innovainvestin.com\/fr\/propiedad\/bonita-golf\/\">\n\t<img loading=\"lazy\" decoding=\"async\" width=\"488\" height=\"326\" src=\"https:\/\/innovainvestin.com\/wp-content\/uploads\/2025\/04\/BONITA-GOLF_EXTERIOR_FIJA_001-copy-2-488x326.jpg\" class=\"attachment-property-thumb-image size-property-thumb-image wp-post-image\" alt=\"\" \/><\/a>            <\/div>\n            <div class=\"rhea-ultra-top-tags-box\">\n                <div class=\"rhea-ultra-status-box\">\n\t\t\t\t\t                <\/div>\n\t\t\t\t            <\/div>\n            <div class=\"rhea-ultra-bottom-box rhea-ultra-flex-end\">\n                <div class=\"rhea-ultra-action-buttons rh-ultra-action-light hover-light\">\n\t\t\t\t\t                <\/div>\n            <\/div>\n        <\/div>\n        <div class=\"rhea-ultra-card-detail-wrapper\">\n\t\t\t<h3 class=\"rhea-ultra-property-title\"><a href=\"https:\/\/innovainvestin.com\/fr\/propiedad\/bonita-golf\/\">Bonita Golf<\/a><\/h3>        <div class=\"rhea_address_ultra\">\n            <a  href=\"https:\/\/innovainvestin.com\/fr\/propiedad\/bonita-golf\/\">\n                <span class=\"rhea_ultra_address_pin\"><svg xmlns=\"http:\/\/www.w3.org\/2000\/svg\" viewBox=\"5 2 14 20\"><style type=\"text\/css\">  \n\t.line-st0{fill:none;}\n\t.line-st1{opacity:0.24;enable-background:new    ;}\n<\/style>\n<path class=\"line-st0\" d=\"M0 0h24v24H0V0z\"\/>\n<path class=\"line-st1\" d=\"M12 4C9.2 4 7 6.2 7 9c0 2.9 2.9 7.2 5 9.9 2.1-2.7 5-7 5-9.9C17 6.2 14.8 4 12 4zM12 11.5c-1.4 0-2.5-1.1-2.5-2.5s1.1-2.5 2.5-2.5 2.5 1.1 2.5 2.5S13.4 11.5 12 11.5z\"\/><path d=\"M12 2C8.1 2 5 5.1 5 9c0 5.3 7 13 7 13s7-7.8 7-13C19 5.1 15.9 2 12 2zM7 9c0-2.8 2.2-5 5-5s5 2.2 5 5c0 2.9-2.9 7.2-5 9.9C9.9 16.2 7 11.9 7 9z\"\/><circle cx=\"12\" cy=\"9\" r=\"2.5\"\/><\/svg>\n<\/span>\n\t\t\t\tCap Cana            <\/a>\n        <\/div>\n\t\t                        <span class=\"rhea-ultra-property-types\">\n                            <small><a href=\"https:\/\/innovainvestin.com\/fr\/tipo-propiedad\/appartement\/\">Appartement<\/a>, <a href=\"https:\/\/innovainvestin.com\/fr\/tipo-propiedad\/penthouse-fr\/\">Penthouse<\/a>, <a href=\"https:\/\/innovainvestin.com\/fr\/tipo-propiedad\/premium-fr\/\">Premium<\/a><\/small>                        <\/span>\n\t\t\t\t\t\t            <div class=\"rhea-ultra-price-meta-box  \">\n\t\t\t\t<div class=\"rh_prop_card__priceLabel_ultra\">\n\t<p class=\"rh_prop_card__price_ultra\">\n\t\t<span class=\"ere-price-prefix\">\u00c0 partir de<\/span> <span class=\"ere-price-display\">\u20ac595,000<\/span>\t<\/p>\n<\/div>    <div class=\"rh_prop_card_meta_wrap_ultra rh-ul-tooltip\">\n\t\t        <div class=\"rhea_ultra_prop_card__meta\" style=\"order: 1\">\n            <div class=\"rhea_ultra_meta_icon_wrapper\">\n                <span class=\"rhea_ultra_meta_icon\" title=\"Zone\"><svg xmlns=\"http:\/\/www.w3.org\/2000\/svg\" width=\"24\" height=\"24\" viewBox=\"0 0 24 24\">\n    <path class=\"ultra-meta rh-ultra-light\" d=\"M4.4 23L1 19.6v-1l4-2 4 2v1L5.6 23H4.4zM18.6 9l-2-4H5h11.6l2-4h1L23 4.4v1.2L19.6 9H18.6z\"\/>\n    <path class=\"ultra-meta rh-ultra-dark\" d=\"M19.2 2L22 4.8v0.3L19.2 8l-1.4-2.9L17.7 5l0.1-0.1L19.2 2M5 17.7l0.1 0.1L8 19.2 5.2 22H4.8L2 19.2l2.9-1.4L5 17.7M20 0h-2l-2 4H4v12l-4 2v2l4 4h2l4-4v-2l-4-2V6h10l2 4h2l4-4V4L20 0 20 0zM24 10h-2v2h2V10L24 10zM24 14h-2v2h2V14L24 14zM24 18h-2v2h2V18L24 18zM24 22h-2v2h2V22L24 22zM20 22h-2v2h2V22L20 22zM16 22h-2v2h2V22L16 22zM12 22h-2v2h2V22L12 22z\"\/>\n<\/svg><\/span>\n                <div class=\"rhea_ultra_meta_box\">\n\t\t\t\t\t<span class=\"figure\">136<\/span>                 <\/div>\n            <\/div>\n        <\/div>\n\t\t    <\/div>\n\t            <\/div>\n            <div class=\"rvr_card_info_wrap\">\n\t\t\t\t                <p class=\"added-date\">\n\t\t\t\t\t23\/04\/2025                <\/p>\n            <\/div>\n        <\/div>\n    <\/div>\n<\/div>\n    <\/div>\n    <div class=\"rhea-ultra-properties-pagination-wrapper\">\n\t\t            <div class=\"rhea_svg_loader\">\n\t\t\t\t<svg xmlns=\"http:\/\/www.w3.org\/2000\/svg\" viewBox=\"0 0 32 32\" width=\"32\" height=\"32\" fill=\"#dedede\">\n  <path transform=\"translate(2)\" d=\"M0 12 V20 H4 V12z\"> \n    <animate attributeName=\"d\" values=\"M0 12 V20 H4 V12z; M0 4 V28 H4 V4z; M0 12 V20 H4 V12z; M0 12 V20 H4 V12z\" dur=\"1.2s\" repeatCount=\"indefinite\" begin=\"0\" keytimes=\"0;.2;.5;1\" keySplines=\"0.2 0.2 0.4 0.8;0.2 0.6 0.4 0.8;0.2 0.8 0.4 0.8\" calcMode=\"spline\"  \/>\n  <\/path>\n  <path transform=\"translate(8)\" d=\"M0 12 V20 H4 V12z\">\n    <animate attributeName=\"d\" values=\"M0 12 V20 H4 V12z; M0 4 V28 H4 V4z; M0 12 V20 H4 V12z; M0 12 V20 H4 V12z\" dur=\"1.2s\" repeatCount=\"indefinite\" begin=\"0.2\" keytimes=\"0;.2;.5;1\" keySplines=\"0.2 0.2 0.4 0.8;0.2 0.6 0.4 0.8;0.2 0.8 0.4 0.8\" calcMode=\"spline\"  \/>\n  <\/path>\n  <path transform=\"translate(14)\" d=\"M0 12 V20 H4 V12z\">\n    <animate attributeName=\"d\" values=\"M0 12 V20 H4 V12z; M0 4 V28 H4 V4z; M0 12 V20 H4 V12z; M0 12 V20 H4 V12z\" dur=\"1.2s\" repeatCount=\"indefinite\" begin=\"0.4\" keytimes=\"0;.2;.5;1\" keySplines=\"0.2 0.2 0.4 0.8;0.2 0.6 0.4 0.8;0.2 0.8 0.4 0.8\" calcMode=\"spline\" \/>\n  <\/path>\n  <path transform=\"translate(20)\" d=\"M0 12 V20 H4 V12z\">\n    <animate attributeName=\"d\" values=\"M0 12 V20 H4 V12z; M0 4 V28 H4 V4z; M0 12 V20 H4 V12z; M0 12 V20 H4 V12z\" dur=\"1.2s\" repeatCount=\"indefinite\" begin=\"0.6\" keytimes=\"0;.2;.5;1\" keySplines=\"0.2 0.2 0.4 0.8;0.2 0.6 0.4 0.8;0.2 0.8 0.4 0.8\" calcMode=\"spline\" \/>\n  <\/path>\n  <path transform=\"translate(26)\" d=\"M0 12 V20 H4 V12z\">\n    <animate attributeName=\"d\" values=\"M0 12 V20 H4 V12z; M0 4 V28 H4 V4z; M0 12 V20 H4 V12z; M0 12 V20 H4 V12z\" dur=\"1.2s\" repeatCount=\"indefinite\" begin=\"0.8\" keytimes=\"0;.2;.5;1\" keySplines=\"0.2 0.2 0.4 0.8;0.2 0.6 0.4 0.8;0.2 0.8 0.4 0.8\" calcMode=\"spline\" \/>\n  <\/path>\n<\/svg>\n            <\/div>\n\t\t\t    <\/div>\n<\/div><!-- .rhea-properties-container --><script>\n    ( function ( $ ) {\n        'use strict';\n        $( document ).ready( function () {\n            let autoplayDelay = 1000;\n\n            $( '.rhea-properties-gallery-card' ).each( function () {\n                let slider    = $( this ).slick( {\n                    autoplay         : true,\n                    centerMode       : true,\n                    slidesToShow     : 1,\n                    fade             : true,\n                    speed            : 1000,\n                    pauseOnFocus     : false,\n                    pauseOnHover     : false,\n                    pauseOnDotsHover : false,\n                    arrows           : false,\n                    dots             : false,\n                    lazyLoad         : 'ondemand'\n                } ).slick( \"slickPause\" );\n                autoplayDelay = autoplayDelay + 300;\n                setTimeout( function () {\n                    slider.slick( \"slickPlay\" );\n                }, autoplayDelay );\n            } );\n        } );\n    } )( jQuery );\n<\/script>\t\t\t\t<\/div>\n\t\t\t\t<\/div>\n\t\t\t\t\t<\/div>\n\t\t\t\t<\/div>\n\t\t\t\t<\/div>\n\t\t","protected":false},"excerpt":{"rendered":"<p>Innova Luxury Innova Luxury pr\u00e9sente les biens immobiliers les plus exclusifs de Punta Cana. Notre collection de r\u00e9sidences haut de gamme \u2013 situ\u00e9es dans les zones les plus privil\u00e9gi\u00e9es et les plus exclusives \u2013 comprend des villas en bord de mer, des penthouses sophistiqu\u00e9s et des propri\u00e9t\u00e9s dans des communaut\u00e9s d \u00ab \u00e9lite, s\u00e9lectionn\u00e9es pour&#8230;<\/p>\n","protected":false},"author":2,"featured_media":0,"parent":0,"menu_order":0,"comment_status":"closed","ping_status":"closed","template":"elementor_header_footer","meta":{"footnotes":""},"class_list":["post-9001","page","type-page","status-publish","hentry"],"_links":{"self":[{"href":"https:\/\/innovainvestin.com\/fr\/wp-json\/wp\/v2\/pages\/9001","targetHints":{"allow":["GET"]}}],"collection":[{"href":"https:\/\/innovainvestin.com\/fr\/wp-json\/wp\/v2\/pages"}],"about":[{"href":"https:\/\/innovainvestin.com\/fr\/wp-json\/wp\/v2\/types\/page"}],"author":[{"embeddable":true,"href":"https:\/\/innovainvestin.com\/fr\/wp-json\/wp\/v2\/users\/2"}],"replies":[{"embeddable":true,"href":"https:\/\/innovainvestin.com\/fr\/wp-json\/wp\/v2\/comments?post=9001"}],"version-history":[{"count":2,"href":"https:\/\/innovainvestin.com\/fr\/wp-json\/wp\/v2\/pages\/9001\/revisions"}],"predecessor-version":[{"id":9003,"href":"https:\/\/innovainvestin.com\/fr\/wp-json\/wp\/v2\/pages\/9001\/revisions\/9003"}],"wp:attachment":[{"href":"https:\/\/innovainvestin.com\/fr\/wp-json\/wp\/v2\/media?parent=9001"}],"curies":[{"name":"wp","href":"https:\/\/api.w.org\/{rel}","templated":true}]}}