{"id":7948,"date":"2025-03-08T13:15:44","date_gmt":"2025-03-08T17:15:44","guid":{"rendered":"https:\/\/innovarealestate.live-website.com\/services\/"},"modified":"2025-07-04T05:44:51","modified_gmt":"2025-07-04T09:44:51","slug":"services","status":"publish","type":"page","link":"https:\/\/innovainvestin.com\/fr\/services\/","title":{"rendered":"Services"},"content":{"rendered":"\t\t<div data-elementor-type=\"wp-page\" data-elementor-id=\"7948\" class=\"elementor elementor-7948 elementor-5780\" data-elementor-post-type=\"page\">\n\t\t\t\t<div class=\"elementor-element elementor-element-93745a3 e-con-full e-flex e-con e-parent\" data-id=\"93745a3\" data-element_type=\"container\" data-e-type=\"container\" data-settings=\"{&quot;background_background&quot;:&quot;video&quot;}\">\n\t\t\t\t<\/div>\n\t\t<div class=\"elementor-element elementor-element-5db6b58f e-con-full e-flex e-con e-parent\" data-id=\"5db6b58f\" data-element_type=\"container\" data-e-type=\"container\" data-settings=\"{&quot;background_background&quot;:&quot;classic&quot;}\">\n\t\t<div class=\"elementor-element elementor-element-6648bf93 e-con-full e-flex e-con e-child\" data-id=\"6648bf93\" data-element_type=\"container\" data-e-type=\"container\" data-settings=\"{&quot;background_background&quot;:&quot;video&quot;}\">\n\t\t\t\t<div class=\"elementor-element elementor-element-4ce8e168 elementor-widget elementor-widget-heading\" data-id=\"4ce8e168\" data-element_type=\"widget\" data-e-type=\"widget\" data-widget_type=\"heading.default\">\n\t\t\t\t<div class=\"elementor-widget-container\">\n\t\t\t\t\t<h2 class=\"elementor-heading-title elementor-size-default\">Acheter en<br>R\u00e9publique dominicaine<\/h2>\t\t\t\t<\/div>\n\t\t\t\t<\/div>\n\t\t\t\t<div class=\"elementor-element elementor-element-d43dd46 elementor-widget elementor-widget-text-editor\" data-id=\"d43dd46\" data-element_type=\"widget\" data-e-type=\"widget\" data-widget_type=\"text-editor.default\">\n\t\t\t\t<div class=\"elementor-widget-container\">\n\t\t\t\t\t\t\t\t\t<h4 style=\"text-align: left;\"><span style=\"color: #ffffff;\">Trouvez votre maison id\u00e9ale ou l&rsquo;investissement parfait en R\u00e9publique Dominicaine<\/span><\/h4><p style=\"text-align: left;\" data-start=\"210\" data-end=\"296\">L<span style=\"color: #ffffff;\">&lsquo;achat d&rsquo;une propri\u00e9t\u00e9 dans les Cara\u00efbes est une d\u00e9cision importante, et chez Innova Real Estate <\/span>, nous sommes l\u00e0 pour la rendre facile, s\u00fbre et personnalis\u00e9e. En nous concentrant exclusivement sur le march\u00e9 de l&rsquo;immobilier de luxe en R\u00e9publique dominicaine, nous offrons un service complet con\u00e7u pour vous aider \u00e0 trouver la propri\u00e9t\u00e9 id\u00e9ale, que ce soit pour y vivre, pour y passer des vacances ou pour y investir avec une grande rentabilit\u00e9. <\/p><h4 style=\"text-align: left;\"><span style=\"color: #ffffff;\">Un accompagnement personnalis\u00e9 du d\u00e9but jusqu&rsquo;\u00e0 la fin<\/span><\/h4><p style=\"text-align: left;\" data-start=\"739\" data-end=\"1076\"><span style=\"color: #ffffff;\">Nous savons que l&rsquo;achat \u00e0 l&rsquo;\u00e9tranger peut \u00eatre complexe: langue, formalit\u00e9s juridiques, multiples interm\u00e9diaires&#8230; C&rsquo;est pourquoi nous prenons en charge l&rsquo;ensemble du processus pour vous. De la premi\u00e8re consultation \u00e0 la remise des cl\u00e9s, notre \u00e9quipe agit comme votre repr\u00e9sentant de confiance dans le pays, prot\u00e9geant vos int\u00e9r\u00eats et optimisant votre temps.  <\/span><\/p>\t\t\t\t\t\t\t\t<\/div>\n\t\t\t\t<\/div>\n\t\t\t\t<div class=\"elementor-element elementor-element-63387fe5 elementor-tablet-align-left elementor-align-center elementor-widget-mobile__width-inherit elementor-mobile-align-justify elementor-invisible elementor-widget elementor-widget-button\" data-id=\"63387fe5\" data-element_type=\"widget\" data-e-type=\"widget\" data-settings=\"{&quot;_animation&quot;:&quot;fadeInUp&quot;}\" data-widget_type=\"button.default\">\n\t\t\t\t<div class=\"elementor-widget-container\">\n\t\t\t\t\t\t\t\t\t<div class=\"elementor-button-wrapper\">\n\t\t\t\t\t<a class=\"elementor-button elementor-button-link elementor-size-md\" href=\"https:\/\/innovainvestin.com\/fr\/contact\/\">\n\t\t\t\t\t\t<span class=\"elementor-button-content-wrapper\">\n\t\t\t\t\t\t\t\t\t<span class=\"elementor-button-text\">CONTACTEZ-NOUS<\/span>\n\t\t\t\t\t<\/span>\n\t\t\t\t\t<\/a>\n\t\t\t\t<\/div>\n\t\t\t\t\t\t\t\t<\/div>\n\t\t\t\t<\/div>\n\t\t\t\t<\/div>\n\t\t<div class=\"elementor-element elementor-element-5b17f3c e-con-full e-flex e-con e-child\" data-id=\"5b17f3c\" data-element_type=\"container\" data-e-type=\"container\" data-settings=\"{&quot;background_background&quot;:&quot;video&quot;}\">\n\t\t\t\t<\/div>\n\t\t\t\t<\/div>\n\t\t<div class=\"elementor-element elementor-element-40ef304 e-con-full e-flex e-con e-parent\" data-id=\"40ef304\" data-element_type=\"container\" data-e-type=\"container\" data-settings=\"{&quot;background_background&quot;:&quot;classic&quot;}\">\n\t\t<div class=\"elementor-element elementor-element-4161428 e-flex e-con-boxed e-con e-child\" data-id=\"4161428\" data-element_type=\"container\" data-e-type=\"container\" data-settings=\"{&quot;background_background&quot;:&quot;video&quot;}\">\n\t\t\t\t\t<div class=\"e-con-inner\">\n\t\t\t\t\t<\/div>\n\t\t\t\t<\/div>\n\t\t<div class=\"elementor-element elementor-element-bda65ab e-con-full e-flex e-con e-child\" data-id=\"bda65ab\" data-element_type=\"container\" data-e-type=\"container\">\n\t\t\t\t<div class=\"elementor-element elementor-element-c862f42 elementor-widget elementor-widget-heading\" data-id=\"c862f42\" data-element_type=\"widget\" data-e-type=\"widget\" data-widget_type=\"heading.default\">\n\t\t\t\t<div class=\"elementor-widget-container\">\n\t\t\t\t\t<h2 class=\"elementor-heading-title elementor-size-default\">Vendre votre maison<\/h2>\t\t\t\t<\/div>\n\t\t\t\t<\/div>\n\t\t\t\t<div class=\"elementor-element elementor-element-41dc3a9 elementor-widget elementor-widget-text-editor\" data-id=\"41dc3a9\" data-element_type=\"widget\" data-e-type=\"widget\" data-widget_type=\"text-editor.default\">\n\t\t\t\t<div class=\"elementor-widget-container\">\n\t\t\t\t\t\t\t\t\t<h4><span style=\"color: #285f68;\">Exp\u00e9rience, strat\u00e9gie et port\u00e9e internationale pour la meilleure vente<\/span><\/h4>\n<p data-start=\"342\" data-end=\"702\"><span style=\"color: #285f68;\">Chez Innova Real Estate, nous savons que la vente d&rsquo;une propri\u00e9t\u00e9 en R\u00e9publique dominicaine n\u00e9cessite une approche structur\u00e9e, une connaissance approfondie du march\u00e9 et une strat\u00e9gie de marketing efficace. Notre \u00e9quipe combine l&rsquo;expertise locale avec une vision globale pour positionner votre propri\u00e9t\u00e9 aupr\u00e8s d&rsquo;acheteurs qualifi\u00e9s, tant nationaux qu&rsquo;internationaux. <\/span><\/p>\n\n<h4><span style=\"color: #285f68;\">Un processus de vente personnalis\u00e9 et ax\u00e9 sur les r\u00e9sultats<\/span><\/h4>\n<p data-start=\"769\" data-end=\"993\"><span style=\"color: #285f68;\">Chaque bien a une valeur unique et chaque client a des objectifs sp\u00e9cifiques. C&rsquo;est pourquoi nous concevons un plan de vente sur mesure qui optimise le temps pass\u00e9 sur le march\u00e9 et maximise la valeur de votre bien, en prenant en charge toutes les \u00e9tapes du processus. <\/span><\/p>\n\n<h4><span style=\"color: #285f68;\">Une vente bas\u00e9e sur l&rsquo;exp\u00e9rience et la confiance<\/span><\/h4>\n<p data-start=\"2256\" data-end=\"2480\"><span style=\"color: #285f68;\">En tant qu&rsquo;agence exclusivement ax\u00e9e sur Punta Cana, nous offrons un service professionnel, personnalis\u00e9 et ax\u00e9 sur les r\u00e9sultats. Notre engagement est de repr\u00e9senter votre propri\u00e9t\u00e9 avec excellence et de r\u00e9aliser une vente r\u00e9ussie. <\/span><\/p>\n<p data-start=\"2487\" data-end=\"2616\"><span style=\"color: #285f68;\">Contactez-nous d\u00e8s aujourd&rsquo;hui pour organiser une \u00e9valuation sans engagement et entamer le processus de vente avec le soutien d&rsquo;une \u00e9quipe d&rsquo;experts.<\/span><\/p>\t\t\t\t\t\t\t\t<\/div>\n\t\t\t\t<\/div>\n\t\t\t\t<div class=\"elementor-element elementor-element-d533772 elementor-tablet-align-left elementor-align-center elementor-widget-mobile__width-inherit elementor-mobile-align-justify elementor-invisible elementor-widget elementor-widget-button\" data-id=\"d533772\" data-element_type=\"widget\" data-e-type=\"widget\" data-settings=\"{&quot;_animation&quot;:&quot;fadeInUp&quot;}\" data-widget_type=\"button.default\">\n\t\t\t\t<div class=\"elementor-widget-container\">\n\t\t\t\t\t\t\t\t\t<div class=\"elementor-button-wrapper\">\n\t\t\t\t\t<a class=\"elementor-button elementor-button-link elementor-size-md\" href=\"https:\/\/innovainvestin.com\/fr\/contact\/\">\n\t\t\t\t\t\t<span class=\"elementor-button-content-wrapper\">\n\t\t\t\t\t\t\t\t\t<span class=\"elementor-button-text\">CONTACTEZ-NOUS<\/span>\n\t\t\t\t\t<\/span>\n\t\t\t\t\t<\/a>\n\t\t\t\t<\/div>\n\t\t\t\t\t\t\t\t<\/div>\n\t\t\t\t<\/div>\n\t\t\t\t<\/div>\n\t\t\t\t<\/div>\n\t\t<div class=\"elementor-element elementor-element-dba70ab e-con-full e-flex e-con e-parent\" data-id=\"dba70ab\" data-element_type=\"container\" data-e-type=\"container\" data-settings=\"{&quot;background_background&quot;:&quot;classic&quot;}\">\n\t\t<div class=\"elementor-element elementor-element-f02e9f2 e-con-full e-flex e-con e-child\" data-id=\"f02e9f2\" data-element_type=\"container\" data-e-type=\"container\" data-settings=\"{&quot;background_background&quot;:&quot;video&quot;}\">\n\t\t\t\t<\/div>\n\t\t<div class=\"elementor-element elementor-element-998d66b e-con-full e-flex e-con e-child\" data-id=\"998d66b\" data-element_type=\"container\" data-e-type=\"container\">\n\t\t\t\t<div class=\"elementor-element elementor-element-3071503 elementor-widget elementor-widget-heading\" data-id=\"3071503\" data-element_type=\"widget\" data-e-type=\"widget\" data-widget_type=\"heading.default\">\n\t\t\t\t<div class=\"elementor-widget-container\">\n\t\t\t\t\t<h2 class=\"elementor-heading-title elementor-size-default\">Location \u00e0 long terme<\/h2>\t\t\t\t<\/div>\n\t\t\t\t<\/div>\n\t\t\t\t<div class=\"elementor-element elementor-element-c4c52b3 elementor-widget elementor-widget-text-editor\" data-id=\"c4c52b3\" data-element_type=\"widget\" data-e-type=\"widget\" data-widget_type=\"text-editor.default\">\n\t\t\t\t<div class=\"elementor-widget-container\">\n\t\t\t\t\t\t\t\t\t<h4><span style=\"color: #ffffff;\">Trouvez votre nouveau logement ou g\u00e9n\u00e9rez un revenu r\u00e9gulier en toute s\u00e9r\u00e9nit\u00e9<\/span><\/h4><p>Que vous cherchiez \u00e0 vous installer \u00e0 Punta Cana ou \u00e0 louer votre propri\u00e9t\u00e9 de fa\u00e7on permanente, Innova Real Estate vous propose des solutions claires et s\u00fbres, adapt\u00e9es \u00e0 vos besoins.<\/p><p>Notre \u00e9quipe g\u00e8re les locations \u00e0 long terme avec une approche professionnelle, aidant les propri\u00e9taires et les locataires \u00e0 conclure des accords \u00e9quitables, efficaces et durables.<\/p><p>Gr\u00e2ce \u00e0 notre connaissance de la r\u00e9gion, \u00e0 notre attention personnelle et \u00e0 notre solide r\u00e9seau de clients nationaux et internationaux, nous mettons en relation votre propri\u00e9t\u00e9 avec des locataires fiables et nous g\u00e9rons chaque d\u00e9tail afin de garantir une exp\u00e9rience harmonieuse.<\/p><h4><span style=\"color: #ffffff;\">Que proposons-nous?<\/span><\/h4><ul><li>Conseils sur la fixation de loyers \u00e9quitables et comp\u00e9titifs<\/li><li>Promotion sur les plateformes sp\u00e9cialis\u00e9es et les r\u00e9seaux locaux et internationaux<\/li><li>S\u00e9lection des locataires et gestion des visiteurs<\/li><li>R\u00e9daction de contrats et v\u00e9rification juridique<\/li><li>Coordination des paiements, des livraisons et du suivi tout au long du s\u00e9jour<\/li><\/ul><p>Que vous souhaitiez vivre \u00e0 Punta Cana ou que vous recherchiez une rentabilit\u00e9 stable, l&rsquo;\u00e9quipe d&rsquo;Innova Real Estate est l\u00e0 pour vous accompagner tout au long du processus.<\/p>\t\t\t\t\t\t\t\t<\/div>\n\t\t\t\t<\/div>\n\t\t\t\t<div class=\"elementor-element elementor-element-44c48eb elementor-tablet-align-left elementor-align-center elementor-widget-mobile__width-inherit elementor-mobile-align-justify elementor-invisible elementor-widget elementor-widget-button\" data-id=\"44c48eb\" data-element_type=\"widget\" data-e-type=\"widget\" data-settings=\"{&quot;_animation&quot;:&quot;fadeInUp&quot;}\" data-widget_type=\"button.default\">\n\t\t\t\t<div class=\"elementor-widget-container\">\n\t\t\t\t\t\t\t\t\t<div class=\"elementor-button-wrapper\">\n\t\t\t\t\t<a class=\"elementor-button elementor-button-link elementor-size-md\" href=\"https:\/\/innovainvestin.com\/fr\/contact\/\">\n\t\t\t\t\t\t<span class=\"elementor-button-content-wrapper\">\n\t\t\t\t\t\t\t\t\t<span class=\"elementor-button-text\">PLUS D'INFORMATIONS<\/span>\n\t\t\t\t\t<\/span>\n\t\t\t\t\t<\/a>\n\t\t\t\t<\/div>\n\t\t\t\t\t\t\t\t<\/div>\n\t\t\t\t<\/div>\n\t\t\t\t<\/div>\n\t\t\t\t<\/div>\n\t\t<div class=\"elementor-element elementor-element-850f39f e-con-full e-flex e-con e-parent\" data-id=\"850f39f\" data-element_type=\"container\" data-e-type=\"container\" data-settings=\"{&quot;background_background&quot;:&quot;classic&quot;}\">\n\t\t<div class=\"elementor-element elementor-element-cb5da8f e-con-full e-flex e-con e-child\" data-id=\"cb5da8f\" data-element_type=\"container\" data-e-type=\"container\">\n\t\t\t\t<div class=\"elementor-element elementor-element-05213ac elementor-widget elementor-widget-heading\" data-id=\"05213ac\" data-element_type=\"widget\" data-e-type=\"widget\" data-widget_type=\"heading.default\">\n\t\t\t\t<div class=\"elementor-widget-container\">\n\t\t\t\t\t<h2 class=\"elementor-heading-title elementor-size-default\">Gestion locative saisonni\u00e8re<\/h2>\t\t\t\t<\/div>\n\t\t\t\t<\/div>\n\t\t\t\t<div class=\"elementor-element elementor-element-f5983c7 elementor-widget elementor-widget-text-editor\" data-id=\"f5983c7\" data-element_type=\"widget\" data-e-type=\"widget\" data-widget_type=\"text-editor.default\">\n\t\t\t\t<div class=\"elementor-widget-container\">\n\t\t\t\t\t\t\t\t\t<h4><span style=\"color: #285f68;\">Mon\u00e9tisez votre propri\u00e9t\u00e9 sans vous soucier des op\u00e9rations quotidiennes.<\/span><\/h4><p>La gestion d&rsquo;une location de vacances peut \u00eatre un d\u00e9fi, surtout si vous ne vivez pas en R\u00e9publique dominicaine. Du service \u00e0 la client\u00e8le \u00e0 l&rsquo;entretien courant, chaque d\u00e9tail compte pour garantir de bons r\u00e9sultats. <\/p><p>Chez Innova Real Estate, nous sommes sp\u00e9cialis\u00e9s dans la gestion compl\u00e8te de propri\u00e9t\u00e9s destin\u00e9es \u00e0 la location touristique, en maximisant la rentabilit\u00e9 et en prenant en charge tous les aspects op\u00e9rationnels afin que vous ne profitiez que des b\u00e9n\u00e9fices de votre investissement.<\/p><h4><span style=\"color: #285f68;\"> <\/span><span style=\"color: #285f68;\">Services inclus :<\/span><\/h4><ul><li>Publication sur les principales plateformes de location de vacances<\/li><li>Photographie professionnelle et marketing num\u00e9rique strat\u00e9gique<\/li><li>Gestion des r\u00e9servations, du service \u00e0 la client\u00e8le et du check-in\/check-out<\/li><li>Nettoyage, blanchissage et entretien pr\u00e9ventif<\/li><li>Gestion des paiements et rapports p\u00e9riodiques<\/li><\/ul><p>En outre, nous proposons des services compl\u00e9mentaires tels que la location de voitures, les excursions, la conciergerie et une assistance 24 heures sur 24 et 7 jours sur 7 pour les clients, ce qui g\u00e9n\u00e8re des revenus suppl\u00e9mentaires pour le propri\u00e9taire.<\/p><p>Avec une pr\u00e9sence sur des march\u00e9s cl\u00e9s tels que le Canada, la France et les \u00c9tats-Unis, et une structure locale solide, Innova Real Estate s&rsquo;assure que votre propri\u00e9t\u00e9 fonctionne au plus haut niveau, m\u00eame lorsque vous n&rsquo;\u00eates pas l\u00e0.<\/p>\t\t\t\t\t\t\t\t<\/div>\n\t\t\t\t<\/div>\n\t\t\t\t<div class=\"elementor-element elementor-element-59b7475 elementor-tablet-align-left elementor-align-center elementor-widget-mobile__width-inherit elementor-mobile-align-justify elementor-invisible elementor-widget elementor-widget-button\" data-id=\"59b7475\" data-element_type=\"widget\" data-e-type=\"widget\" data-settings=\"{&quot;_animation&quot;:&quot;fadeInUp&quot;}\" data-widget_type=\"button.default\">\n\t\t\t\t<div class=\"elementor-widget-container\">\n\t\t\t\t\t\t\t\t\t<div class=\"elementor-button-wrapper\">\n\t\t\t\t\t<a class=\"elementor-button elementor-button-link elementor-size-md\" href=\"https:\/\/innovainvestin.com\/fr\/contact\/\">\n\t\t\t\t\t\t<span class=\"elementor-button-content-wrapper\">\n\t\t\t\t\t\t\t\t\t<span class=\"elementor-button-text\">PLUS D'INFORMATIONS<\/span>\n\t\t\t\t\t<\/span>\n\t\t\t\t\t<\/a>\n\t\t\t\t<\/div>\n\t\t\t\t\t\t\t\t<\/div>\n\t\t\t\t<\/div>\n\t\t\t\t<\/div>\n\t\t<div class=\"elementor-element elementor-element-194fbc0 e-con-full e-flex e-con e-child\" data-id=\"194fbc0\" data-element_type=\"container\" data-e-type=\"container\" data-settings=\"{&quot;background_background&quot;:&quot;video&quot;}\">\n\t\t\t\t<\/div>\n\t\t\t\t<\/div>\n\t\t<div class=\"elementor-element elementor-element-e8d93ef e-con-full e-flex e-con e-parent\" data-id=\"e8d93ef\" data-element_type=\"container\" data-e-type=\"container\" data-settings=\"{&quot;background_background&quot;:&quot;classic&quot;}\">\n\t\t<div class=\"elementor-element elementor-element-32eacdf e-con-full e-flex e-con e-child\" data-id=\"32eacdf\" data-element_type=\"container\" data-e-type=\"container\">\n\t\t\t\t<div class=\"elementor-element elementor-element-9146ba9 elementor-widget elementor-widget-heading\" data-id=\"9146ba9\" data-element_type=\"widget\" data-e-type=\"widget\" data-widget_type=\"heading.default\">\n\t\t\t\t<div class=\"elementor-widget-container\">\n\t\t\t\t\t<h2 class=\"elementor-heading-title elementor-size-default\"><p>conseils juridiques et fiscaux<span style=\"letter-spacing: 0px\"><\/span><\/p><\/h2>\t\t\t\t<\/div>\n\t\t\t\t<\/div>\n\t\t\t\t<div class=\"elementor-element elementor-element-1ffdef9 elementor-widget elementor-widget-text-editor\" data-id=\"1ffdef9\" data-element_type=\"widget\" data-e-type=\"widget\" data-widget_type=\"text-editor.default\">\n\t\t\t\t<div class=\"elementor-widget-container\">\n\t\t\t\t\t\t\t\t\t<h4><span style=\"color: #ffffff;\">La tranquillit\u00e9 d&rsquo;esprit juridique pour votre investissement en R\u00e9publique dominicaine<\/span><\/h4><p><span style=\"color: #ffffff;\">Chez Innova Real Estate, nous savons qu&rsquo;un investissement immobilier s\u00fbr commence par une base juridique solide. C&rsquo;est pourquoi nous offrons \u00e0 nos clients un acc\u00e8s direct \u00e0 des conseils juridiques et fiscaux sp\u00e9cialis\u00e9s gr\u00e2ce \u00e0 notre collaboration avec Guzm\u00e1n Garc\u00eda and Sons, Advisors &amp; Consultancies, un cabinet qui compte plus de 25 ans d&rsquo;exp\u00e9rience dans les domaines de l&rsquo;immobilier, des vacances et de la finance d&rsquo;entreprise. <\/span><\/p><h4><span style=\"color: #ffffff;\">Services pour nos clients et nos investisseurs :<\/span><\/h4><ul><li><span style=\"color: #ffffff;\">Conseils juridiques en mati\u00e8re immobili\u00e8re<\/span><\/li><li><span style=\"color: #ffffff;\">Structuration et examen des contrats d&rsquo;achat et de vente<\/span><\/li><li><span style=\"color: #ffffff;\">Due diligence des propri\u00e9t\u00e9s et des d\u00e9veloppements<\/span><br><span style=\"color: #ffffff;\">Gestion et optimisation fiscale pour les investisseurs \u00e9trangers<\/span><\/li><li><span style=\"color: #ffffff;\">Constitution de soci\u00e9t\u00e9s et de structures juridiques<\/span><\/li><li><span style=\"color: #ffffff;\">Aide aux proc\u00e9dures notariales, \u00e0 l&rsquo;enregistrement et au paiement des imp\u00f4ts<\/span><\/li><li><span style=\"color: #ffffff;\">Conseil en mati\u00e8re d&#8217;emploi, gestion des salaires et des ressources humaines (pour les immeubles locatifs)<\/span><\/li><\/ul><p><span style=\"color: #ffffff;\">En outre, nos clients peuvent b\u00e9n\u00e9ficier d&rsquo;une premi\u00e8re consultation gratuite, exclusivement pour ceux qui investissent par l&rsquo;interm\u00e9diaire d&rsquo;Innova Real Estate.<\/span><\/p><p><span style=\"color: #ffffff;\">Investissez en toute confiance. Nous nous occupons du reste <\/span><\/p><p><span style=\"color: #ffffff;\">Contactez-nous d\u00e8s aujourd&rsquo;hui pour obtenir des conseils juridiques d&rsquo;experts et commencer votre investissement en b\u00e9n\u00e9ficiant d&rsquo;un soutien juridique complet.<\/span><\/p>\t\t\t\t\t\t\t\t<\/div>\n\t\t\t\t<\/div>\n\t\t\t\t<div class=\"elementor-element elementor-element-b08dc75 elementor-tablet-align-left elementor-align-center elementor-widget-mobile__width-inherit elementor-mobile-align-justify elementor-invisible elementor-widget elementor-widget-button\" data-id=\"b08dc75\" data-element_type=\"widget\" data-e-type=\"widget\" data-settings=\"{&quot;_animation&quot;:&quot;fadeInUp&quot;}\" data-widget_type=\"button.default\">\n\t\t\t\t<div class=\"elementor-widget-container\">\n\t\t\t\t\t\t\t\t\t<div class=\"elementor-button-wrapper\">\n\t\t\t\t\t<a class=\"elementor-button elementor-button-link elementor-size-md\" href=\"https:\/\/innovainvestin.com\/fr\/contact\/\">\n\t\t\t\t\t\t<span class=\"elementor-button-content-wrapper\">\n\t\t\t\t\t\t\t\t\t<span class=\"elementor-button-text\">PLUS D'INFORMATIONS<\/span>\n\t\t\t\t\t<\/span>\n\t\t\t\t\t<\/a>\n\t\t\t\t<\/div>\n\t\t\t\t\t\t\t\t<\/div>\n\t\t\t\t<\/div>\n\t\t\t\t<\/div>\n\t\t<div class=\"elementor-element elementor-element-9b62a54 e-con-full e-flex e-con e-child\" data-id=\"9b62a54\" data-element_type=\"container\" data-e-type=\"container\" data-settings=\"{&quot;background_background&quot;:&quot;video&quot;}\">\n\t\t\t\t<\/div>\n\t\t\t\t<\/div>\n\t\t\t\t<\/div>\n\t\t","protected":false},"excerpt":{"rendered":"<p>Acheter enR\u00e9publique dominicaine Trouvez votre maison id\u00e9ale ou l&rsquo;investissement parfait en R\u00e9publique Dominicaine L&rsquo;achat d&rsquo;une propri\u00e9t\u00e9 dans les Cara\u00efbes est une d\u00e9cision importante, et chez Innova Real Estate , nous sommes l\u00e0 pour la rendre facile, s\u00fbre et personnalis\u00e9e. En nous concentrant exclusivement sur le march\u00e9 de l&rsquo;immobilier de luxe en R\u00e9publique dominicaine, nous offrons&#8230;<\/p>\n","protected":false},"author":1,"featured_media":0,"parent":0,"menu_order":0,"comment_status":"closed","ping_status":"closed","template":"elementor_header_footer","meta":{"footnotes":""},"class_list":["post-7948","page","type-page","status-publish","hentry"],"_links":{"self":[{"href":"https:\/\/innovainvestin.com\/fr\/wp-json\/wp\/v2\/pages\/7948","targetHints":{"allow":["GET"]}}],"collection":[{"href":"https:\/\/innovainvestin.com\/fr\/wp-json\/wp\/v2\/pages"}],"about":[{"href":"https:\/\/innovainvestin.com\/fr\/wp-json\/wp\/v2\/types\/page"}],"author":[{"embeddable":true,"href":"https:\/\/innovainvestin.com\/fr\/wp-json\/wp\/v2\/users\/1"}],"replies":[{"embeddable":true,"href":"https:\/\/innovainvestin.com\/fr\/wp-json\/wp\/v2\/comments?post=7948"}],"version-history":[{"count":8,"href":"https:\/\/innovainvestin.com\/fr\/wp-json\/wp\/v2\/pages\/7948\/revisions"}],"predecessor-version":[{"id":8519,"href":"https:\/\/innovainvestin.com\/fr\/wp-json\/wp\/v2\/pages\/7948\/revisions\/8519"}],"wp:attachment":[{"href":"https:\/\/innovainvestin.com\/fr\/wp-json\/wp\/v2\/media?parent=7948"}],"curies":[{"name":"wp","href":"https:\/\/api.w.org\/{rel}","templated":true}]}}