{"id":7944,"date":"2025-03-08T15:54:05","date_gmt":"2025-03-08T19:54:05","guid":{"rendered":"https:\/\/innovarealestate.live-website.com\/blog\/"},"modified":"2025-06-26T08:03:32","modified_gmt":"2025-06-26T12:03:32","slug":"blog","status":"publish","type":"page","link":"https:\/\/innovainvestin.com\/fr\/blog\/","title":{"rendered":"Blog"},"content":{"rendered":"\t\t<div data-elementor-type=\"wp-page\" data-elementor-id=\"7944\" class=\"elementor elementor-7944 elementor-5855\" data-elementor-post-type=\"page\">\n\t\t\t\t<div class=\"elementor-element elementor-element-c1dc3d8 e-flex e-con-boxed e-con e-parent\" data-id=\"c1dc3d8\" data-element_type=\"container\" data-e-type=\"container\" data-settings=\"{&quot;background_background&quot;:&quot;video&quot;}\">\n\t\t\t\t\t<div class=\"e-con-inner\">\n\t\t<div class=\"elementor-element elementor-element-38b62d9 e-flex e-con-boxed e-con e-child\" data-id=\"38b62d9\" data-element_type=\"container\" data-e-type=\"container\" data-settings=\"{&quot;background_background&quot;:&quot;classic&quot;}\">\n\t\t\t\t\t<div class=\"e-con-inner\">\n\t\t\t\t<div class=\"elementor-element elementor-element-54c4755 elementor-widget elementor-widget-heading\" data-id=\"54c4755\" data-element_type=\"widget\" data-e-type=\"widget\" data-widget_type=\"heading.default\">\n\t\t\t\t<div class=\"elementor-widget-container\">\n\t\t\t\t\t<h1 class=\"elementor-heading-title elementor-size-default\">Innova News<\/h1>\t\t\t\t<\/div>\n\t\t\t\t<\/div>\n\t\t\t\t\t<\/div>\n\t\t\t\t<\/div>\n\t\t\t\t\t<\/div>\n\t\t\t\t<\/div>\n\t\t<div class=\"elementor-element elementor-element-bbdd681 e-flex e-con-boxed e-con e-parent\" data-id=\"bbdd681\" data-element_type=\"container\" data-e-type=\"container\">\n\t\t\t\t\t<div class=\"e-con-inner\">\n\t\t\t\t<div class=\"elementor-element elementor-element-580595b elementor-grid-3 elementor-grid-tablet-2 elementor-grid-mobile-1 elementor-posts--thumbnail-top elementor-widget elementor-widget-posts\" data-id=\"580595b\" data-element_type=\"widget\" data-e-type=\"widget\" data-settings=\"{&quot;pagination_type&quot;:&quot;prev_next&quot;,&quot;classic_columns&quot;:&quot;3&quot;,&quot;classic_columns_tablet&quot;:&quot;2&quot;,&quot;classic_columns_mobile&quot;:&quot;1&quot;,&quot;classic_row_gap&quot;:{&quot;unit&quot;:&quot;px&quot;,&quot;size&quot;:35,&quot;sizes&quot;:[]},&quot;classic_row_gap_tablet&quot;:{&quot;unit&quot;:&quot;px&quot;,&quot;size&quot;:&quot;&quot;,&quot;sizes&quot;:[]},&quot;classic_row_gap_mobile&quot;:{&quot;unit&quot;:&quot;px&quot;,&quot;size&quot;:&quot;&quot;,&quot;sizes&quot;:[]}}\" data-widget_type=\"posts.classic\">\n\t\t\t\t<div class=\"elementor-widget-container\">\n\t\t\t\t\t\t\t<div class=\"elementor-posts-container elementor-posts elementor-posts--skin-classic elementor-grid\" role=\"list\">\n\t\t\t\t<article class=\"elementor-post elementor-grid-item post-8884 post type-post status-publish format-standard has-post-thumbnail hentry category-non-categorise\" role=\"listitem\">\n\t\t\t\t<a class=\"elementor-post__thumbnail__link\" href=\"https:\/\/innovainvestin.com\/fr\/5-choses-a-savoir-avant-dacheter-une-propriete-en-republique-dominicaine\/\" tabindex=\"-1\" target=&quot;_blank&quot;>\n\t\t\t<div class=\"elementor-post__thumbnail\"><img fetchpriority=\"high\" decoding=\"async\" width=\"300\" height=\"184\" src=\"https:\/\/innovainvestin.com\/wp-content\/uploads\/2025\/05\/Ansaya-Vista-Piscina-3-300x184.jpg\" class=\"attachment-medium size-medium wp-image-8867\" alt=\"\" srcset=\"https:\/\/innovainvestin.com\/wp-content\/uploads\/2025\/05\/Ansaya-Vista-Piscina-3-300x184.jpg 300w, https:\/\/innovainvestin.com\/wp-content\/uploads\/2025\/05\/Ansaya-Vista-Piscina-3-1024x628.jpg 1024w, https:\/\/innovainvestin.com\/wp-content\/uploads\/2025\/05\/Ansaya-Vista-Piscina-3-768x471.jpg 768w, https:\/\/innovainvestin.com\/wp-content\/uploads\/2025\/05\/Ansaya-Vista-Piscina-3-1536x942.jpg 1536w, https:\/\/innovainvestin.com\/wp-content\/uploads\/2025\/05\/Ansaya-Vista-Piscina-3-2048x1256.jpg 2048w, https:\/\/innovainvestin.com\/wp-content\/uploads\/2025\/05\/Ansaya-Vista-Piscina-3-150x92.jpg 150w\" sizes=\"(max-width: 300px) 100vw, 300px\" \/><\/div>\n\t\t<\/a>\n\t\t\t\t<div class=\"elementor-post__text\">\n\t\t\t\t<h3 class=\"elementor-post__title\">\n\t\t\t<a href=\"https:\/\/innovainvestin.com\/fr\/5-choses-a-savoir-avant-dacheter-une-propriete-en-republique-dominicaine\/\" target=&quot;_blank&quot;>\n\t\t\t\t5 choses \u00e0 savoir avant d&rsquo;acheter une propri\u00e9t\u00e9 en R\u00e9publique dominicaine\t\t\t<\/a>\n\t\t<\/h3>\n\t\t\t\t<div class=\"elementor-post__excerpt\">\n\t\t\t<p>Investir dans l&rsquo;immobilier en R\u00e9publique dominicaine est une d\u00e9cision strat\u00e9gique qui peut offrir de grands avantages financiers et personnels. Que vous soyez \u00e0 la recherche<\/p>\n\t\t<\/div>\n\t\t\t\t\t<div class=\"elementor-post__read-more-wrapper\">\n\t\t\n\t\t<a class=\"elementor-post__read-more\" href=\"https:\/\/innovainvestin.com\/fr\/5-choses-a-savoir-avant-dacheter-une-propriete-en-republique-dominicaine\/\" aria-label=\"Read more about 5 choses \u00e0 savoir avant d&rsquo;acheter une propri\u00e9t\u00e9 en R\u00e9publique dominicaine\" tabindex=\"-1\" target=\"_blank\">\n\t\t\tLire la suite \"\t\t<\/a>\n\n\t\t\t\t\t<\/div>\n\t\t\t\t<\/div>\n\t\t\t\t<\/article>\n\t\t\t\t<article class=\"elementor-post elementor-grid-item post-8864 post type-post status-publish format-standard has-post-thumbnail hentry category-non-categorise\" role=\"listitem\">\n\t\t\t\t<a class=\"elementor-post__thumbnail__link\" href=\"https:\/\/innovainvestin.com\/fr\/une-touche-familiale-ce-qui-rend-innova-real-estate-unique-sur-le-marche-immobilier-de-punta-cana\/\" tabindex=\"-1\" target=&quot;_blank&quot;>\n\t\t\t<div class=\"elementor-post__thumbnail\"><img decoding=\"async\" width=\"300\" height=\"218\" src=\"https:\/\/innovainvestin.com\/wp-content\/uploads\/2025\/05\/IMG_6134-scaled-e1748341248723-300x218.jpg\" class=\"attachment-medium size-medium wp-image-8858\" alt=\"\" srcset=\"https:\/\/innovainvestin.com\/wp-content\/uploads\/2025\/05\/IMG_6134-scaled-e1748341248723-300x218.jpg 300w, https:\/\/innovainvestin.com\/wp-content\/uploads\/2025\/05\/IMG_6134-scaled-e1748341248723-1024x744.jpg 1024w, https:\/\/innovainvestin.com\/wp-content\/uploads\/2025\/05\/IMG_6134-scaled-e1748341248723-768x558.jpg 768w, https:\/\/innovainvestin.com\/wp-content\/uploads\/2025\/05\/IMG_6134-scaled-e1748341248723-1536x1116.jpg 1536w, https:\/\/innovainvestin.com\/wp-content\/uploads\/2025\/05\/IMG_6134-scaled-e1748341248723-150x109.jpg 150w, https:\/\/innovainvestin.com\/wp-content\/uploads\/2025\/05\/IMG_6134-scaled-e1748341248723.jpg 1920w\" sizes=\"(max-width: 300px) 100vw, 300px\" \/><\/div>\n\t\t<\/a>\n\t\t\t\t<div class=\"elementor-post__text\">\n\t\t\t\t<h3 class=\"elementor-post__title\">\n\t\t\t<a href=\"https:\/\/innovainvestin.com\/fr\/une-touche-familiale-ce-qui-rend-innova-real-estate-unique-sur-le-marche-immobilier-de-punta-cana\/\" target=&quot;_blank&quot;>\n\t\t\t\tUne touche familiale : ce qui rend Innova Real Estate unique sur le march\u00e9 immobilier de Punta Cana\t\t\t<\/a>\n\t\t<\/h3>\n\t\t\t\t<div class=\"elementor-post__excerpt\">\n\t\t\t<p>Dans un march\u00e9 immobilier aussi dynamique et comp\u00e9titif que celui de Punta Cana, trouver une agence qui allie professionnalisme et valeurs familiales peut faire toute<\/p>\n\t\t<\/div>\n\t\t\t\t\t<div class=\"elementor-post__read-more-wrapper\">\n\t\t\n\t\t<a class=\"elementor-post__read-more\" href=\"https:\/\/innovainvestin.com\/fr\/une-touche-familiale-ce-qui-rend-innova-real-estate-unique-sur-le-marche-immobilier-de-punta-cana\/\" aria-label=\"Read more about Une touche familiale : ce qui rend Innova Real Estate unique sur le march\u00e9 immobilier de Punta Cana\" tabindex=\"-1\" target=\"_blank\">\n\t\t\tLire la suite \"\t\t<\/a>\n\n\t\t\t\t\t<\/div>\n\t\t\t\t<\/div>\n\t\t\t\t<\/article>\n\t\t\t\t<article class=\"elementor-post elementor-grid-item post-8196 post type-post status-publish format-standard has-post-thumbnail hentry category-non-categorise\" role=\"listitem\">\n\t\t\t\t<a class=\"elementor-post__thumbnail__link\" href=\"https:\/\/innovainvestin.com\/fr\/pourquoi-punta-cana-est-elle-la-destination-ideale-pour-les-investissements-immobiliers-en-2025\/\" tabindex=\"-1\" target=&quot;_blank&quot;>\n\t\t\t<div class=\"elementor-post__thumbnail\"><img decoding=\"async\" width=\"300\" height=\"200\" src=\"https:\/\/innovainvestin.com\/wp-content\/uploads\/2025\/03\/Copy-of-ven-con-nosotros-a-encontrar-tu-propiedad-1-300x200.jpg\" class=\"attachment-medium size-medium wp-image-5952\" alt=\"\" srcset=\"https:\/\/innovainvestin.com\/wp-content\/uploads\/2025\/03\/Copy-of-ven-con-nosotros-a-encontrar-tu-propiedad-1-300x200.jpg 300w, https:\/\/innovainvestin.com\/wp-content\/uploads\/2025\/03\/Copy-of-ven-con-nosotros-a-encontrar-tu-propiedad-1-1024x683.jpg 1024w, https:\/\/innovainvestin.com\/wp-content\/uploads\/2025\/03\/Copy-of-ven-con-nosotros-a-encontrar-tu-propiedad-1-768x512.jpg 768w, https:\/\/innovainvestin.com\/wp-content\/uploads\/2025\/03\/Copy-of-ven-con-nosotros-a-encontrar-tu-propiedad-1-1536x1024.jpg 1536w, https:\/\/innovainvestin.com\/wp-content\/uploads\/2025\/03\/Copy-of-ven-con-nosotros-a-encontrar-tu-propiedad-1-2048x1366.jpg 2048w, https:\/\/innovainvestin.com\/wp-content\/uploads\/2025\/03\/Copy-of-ven-con-nosotros-a-encontrar-tu-propiedad-1-150x100.jpg 150w, https:\/\/innovainvestin.com\/wp-content\/uploads\/2025\/03\/Copy-of-ven-con-nosotros-a-encontrar-tu-propiedad-1-488x326.jpg 488w\" sizes=\"(max-width: 300px) 100vw, 300px\" \/><\/div>\n\t\t<\/a>\n\t\t\t\t<div class=\"elementor-post__text\">\n\t\t\t\t<h3 class=\"elementor-post__title\">\n\t\t\t<a href=\"https:\/\/innovainvestin.com\/fr\/pourquoi-punta-cana-est-elle-la-destination-ideale-pour-les-investissements-immobiliers-en-2025\/\" target=&quot;_blank&quot;>\n\t\t\t\tPourquoi Punta Cana est-elle la destination id\u00e9ale pour les investissements immobiliers en 2025?\t\t\t<\/a>\n\t\t<\/h3>\n\t\t\t\t<div class=\"elementor-post__excerpt\">\n\t\t\t<p>Punta Cana est depuis longtemps connue pour ses plages de sable blanc, ses eaux cristallines et ses stations baln\u00e9aires de classe mondiale. Mais en 2025,<\/p>\n\t\t<\/div>\n\t\t\t\t\t<div class=\"elementor-post__read-more-wrapper\">\n\t\t\n\t\t<a class=\"elementor-post__read-more\" href=\"https:\/\/innovainvestin.com\/fr\/pourquoi-punta-cana-est-elle-la-destination-ideale-pour-les-investissements-immobiliers-en-2025\/\" aria-label=\"Read more about Pourquoi Punta Cana est-elle la destination id\u00e9ale pour les investissements immobiliers en 2025?\" tabindex=\"-1\" target=\"_blank\">\n\t\t\tLire la suite \"\t\t<\/a>\n\n\t\t\t\t\t<\/div>\n\t\t\t\t<\/div>\n\t\t\t\t<\/article>\n\t\t\t\t<\/div>\n\t\t\n\t\t\t\t\t\t<\/div>\n\t\t\t\t<\/div>\n\t\t\t\t\t<\/div>\n\t\t\t\t<\/div>\n\t\t\t\t<\/div>\n\t\t","protected":false},"excerpt":{"rendered":"<p>Innova News<\/p>\n","protected":false},"author":1,"featured_media":0,"parent":0,"menu_order":0,"comment_status":"closed","ping_status":"closed","template":"elementor_header_footer","meta":{"footnotes":""},"class_list":["post-7944","page","type-page","status-publish","hentry"],"_links":{"self":[{"href":"https:\/\/innovainvestin.com\/fr\/wp-json\/wp\/v2\/pages\/7944","targetHints":{"allow":["GET"]}}],"collection":[{"href":"https:\/\/innovainvestin.com\/fr\/wp-json\/wp\/v2\/pages"}],"about":[{"href":"https:\/\/innovainvestin.com\/fr\/wp-json\/wp\/v2\/types\/page"}],"author":[{"embeddable":true,"href":"https:\/\/innovainvestin.com\/fr\/wp-json\/wp\/v2\/users\/1"}],"replies":[{"embeddable":true,"href":"https:\/\/innovainvestin.com\/fr\/wp-json\/wp\/v2\/comments?post=7944"}],"version-history":[{"count":3,"href":"https:\/\/innovainvestin.com\/fr\/wp-json\/wp\/v2\/pages\/7944\/revisions"}],"predecessor-version":[{"id":8013,"href":"https:\/\/innovainvestin.com\/fr\/wp-json\/wp\/v2\/pages\/7944\/revisions\/8013"}],"wp:attachment":[{"href":"https:\/\/innovainvestin.com\/fr\/wp-json\/wp\/v2\/media?parent=7944"}],"curies":[{"name":"wp","href":"https:\/\/api.w.org\/{rel}","templated":true}]}}