{"id":7715,"date":"2025-03-08T14:40:47","date_gmt":"2025-03-08T18:40:47","guid":{"rendered":"https:\/\/innovarealestate.live-website.com\/contact\/"},"modified":"2026-03-31T10:50:45","modified_gmt":"2026-03-31T14:50:45","slug":"contact","status":"publish","type":"page","link":"https:\/\/innovainvestin.com\/en\/contact\/","title":{"rendered":"Contact"},"content":{"rendered":"\t\t<div data-elementor-type=\"wp-page\" data-elementor-id=\"7715\" class=\"elementor elementor-7715 elementor-5799\" data-elementor-post-type=\"page\">\n\t\t\t\t<div class=\"elementor-element elementor-element-3562b4d e-con-full e-flex e-con e-parent\" data-id=\"3562b4d\" data-element_type=\"container\" data-e-type=\"container\">\n\t\t<div class=\"elementor-element elementor-element-568a085 e-con-full e-flex e-con e-child\" data-id=\"568a085\" data-element_type=\"container\" data-e-type=\"container\" data-settings=\"{&quot;background_background&quot;:&quot;classic&quot;}\">\n\t\t\t\t<\/div>\n\t\t\t\t<\/div>\n\t\t<div class=\"elementor-element elementor-element-c20257f e-flex e-con-boxed e-con e-parent\" data-id=\"c20257f\" data-element_type=\"container\" data-e-type=\"container\">\n\t\t\t\t\t<div class=\"e-con-inner\">\n\t\t<div class=\"elementor-element elementor-element-fcd2ec2 e-con-full e-flex e-con e-child\" data-id=\"fcd2ec2\" data-element_type=\"container\" data-e-type=\"container\">\n\t\t\t\t<div class=\"elementor-element elementor-element-99d801d elementor-widget elementor-widget-heading\" data-id=\"99d801d\" data-element_type=\"widget\" data-e-type=\"widget\" data-widget_type=\"heading.default\">\n\t\t\t\t<div class=\"elementor-widget-container\">\n\t\t\t\t\t<h3 class=\"elementor-heading-title elementor-size-default\">Send Us a Message<\/h3>\t\t\t\t<\/div>\n\t\t\t\t<\/div>\n\t\t<div class=\"elementor-element elementor-element-95385de e-con-full e-flex e-con e-child\" data-id=\"95385de\" data-element_type=\"container\" data-e-type=\"container\" data-settings=\"{&quot;background_background&quot;:&quot;classic&quot;}\">\n\t\t\t\t<div class=\"elementor-element elementor-element-ddd88da elementor-widget elementor-widget-rhea-inquiry-form\" data-id=\"ddd88da\" data-element_type=\"widget\" data-e-type=\"widget\" data-widget_type=\"rhea-inquiry-form.default\">\n\t\t\t\t<div class=\"elementor-widget-container\">\n\t\t\t\t\t            <div class=\"rhea-inquiry-form-wrapper rhea-dropdown-style-\">\n                <form class=\"rhea-inquiry-form\" id=\"inquiry_ddd88da\" action=\"https:\/\/innovainvestin.com\/wp-admin\/admin-ajax.php\" method=\"post\">\n                    <div class=\"rhea-inquiry-form-inner\">\n\t\t\t\t\t\t                            <div class=\"rhea-inquiry-field rhea-field-type-name elementor-repeater-item-ad0986e\">\n\t\t\t\t\t\t\t\t                                    <label for=\"ad0986e\">\n\t\t\t\t\t\t\t\t\t\tFull Name                                    <\/label>\n\t\t\t\t\t\t\t\t\t                <input class=\"rhea-inquiry-form-field  required \" name=\"name\" id=\"ad0986e\" type=\"text\" placeholder=\"\" data-msg-required=\"* This field is required\">\n\t\t\t\t                            <\/div>\n\t\t\t\t\t\t\t                            <div class=\"rhea-inquiry-field rhea-field-type-country elementor-repeater-item-56f43b7\">\n\t\t\t\t\t\t\t\t                                    <label for=\"56f43b7\">\n\t\t\t\t\t\t\t\t\t\tCountry                                    <\/label>\n\t\t\t\t\t\t\t\t\t                <input class=\"rhea-inquiry-form-field  required \" name=\"country\" id=\"56f43b7\" type=\"text\" placeholder=\"\" data-msg-required=\"* This field is required\">\n\t\t\t\t                            <\/div>\n\t\t\t\t\t\t\t                            <div class=\"rhea-inquiry-field rhea-field-type-number elementor-repeater-item-552c302\">\n\t\t\t\t\t\t\t\t                                    <label for=\"552c302\">\n\t\t\t\t\t\t\t\t\t\tPhone \/ WhatsApp                                    <\/label>\n\t\t\t\t\t\t\t\t\t                <input class=\"rhea-inquiry-form-field  required \" name=\"number\" id=\"552c302\" type=\"number\" placeholder=\"\" data-msg-required=\"* This field is required\">\n\t\t\t\t                            <\/div>\n\t\t\t\t\t\t\t                            <div class=\"rhea-inquiry-field rhea-field-type-email elementor-repeater-item-410ce24\">\n\t\t\t\t\t\t\t\t                                    <label for=\"410ce24\">\n\t\t\t\t\t\t\t\t\t\tEmail Address                                    <\/label>\n\t\t\t\t\t\t\t\t\t                <input class=\"rhea-inquiry-form-field  required \" name=\"email\" id=\"410ce24\" type=\"email\" placeholder=\"\" data-msg-required=\"* This field is required\">\n\t\t\t\t                            <\/div>\n\t\t\t\t\t\t\t                            <div class=\"rhea-inquiry-field rhea-field-type-message elementor-repeater-item-b311838\">\n\t\t\t\t\t\t\t\t                                    <label for=\"b311838\">\n\t\t\t\t\t\t\t\t\t\tMessage                                    <\/label>\n\t\t\t\t\t\t\t\t\t                <textarea class=\"rhea-inquiry-form-field  required \" name=\"message\" id=\"b311838\" placeholder=\"\" cols=\"30\" rows=\"4\" data-msg-required=\"* This field is required\"><\/textarea>\n\t\t\t\t                            <\/div>\n\t\t\t\t\t\t\t                        <input type=\"hidden\" name=\"nonce\" value=\"888bedb17f\" \/>\n                        <input type=\"hidden\" name=\"target-email\" value=\"i&#110;&#102;o&#64;i&#110;&#110;&#111;&#118;&#97;i&#110;&#118;&#101;s&#116;in .c&#111;&#109;\" \/>\n                        <input type=\"hidden\" name=\"target-email-cc\" value=\"\" \/>\n                        <input type=\"hidden\" name=\"target-email-bcc\" value=\"\" \/>\n                        <input type=\"hidden\" name=\"the_id\" value=\"7715\" \/>\n                        <input type=\"hidden\" name=\"action\" value=\"rhea_inquiry_send_message\" \/>\n\n\t\t\t\t\t\t                        <div class=\"rhea-inquiry-form-break\"><\/div>\n                        <div class=\"rhea-message-container\"><\/div>\n                        <div class=\"rhea-error-container\"><\/div>\n\t\t\t\t\t\t                            <div class=\"rhea-inquiry-submit-wrapper\">\n                                <button class=\"rhea-custom-button default\" type=\"submit\" name=\"submit\" id=\"inquiry-submit-ddd88da\">\n                                    <span class=\"rhea-inquiry-button-text\">Send<\/span>\n                                    <div class=\"rhea-ajax-loader\">\n                                        <span class=\"rhea_loader_box\"><svg xmlns=\"http:\/\/www.w3.org\/2000\/svg\" xmlns:xlink=\"http:\/\/www.w3.org\/1999\/xlink\" width=\"32px\" height=\"32px\" viewBox=\"0 0 128 128\" xml:space=\"preserve\"><rect x=\"0\" y=\"0\" width=\"100%\" height=\"100%\" fill=\"#FFFFFF\" \/><g><path d=\"M75.4 126.63a11.43 11.43 0 0 1-2.1-22.65 40.9 40.9 0 0 0 30.5-30.6 11.4 11.4 0 1 1 22.27 4.87h.02a63.77 63.77 0 0 1-47.8 48.05v-.02a11.38 11.38 0 0 1-2.93.37z\" fill=\"#1ea69a\" fill-opacity=\"1\"\/><animateTransform attributeName=\"transform\" type=\"rotate\" from=\"0 64 64\" to=\"360 64 64\" dur=\"1000ms\" repeatCount=\"indefinite\"><\/animateTransform><\/g><\/svg>\n<\/span>\n                                    <\/div>\n                                <\/button>\n                            <\/div>\n\t\t\t\t\t\t\t                    <\/div>\n                <\/form>\n            <\/div>\n\t\t\t                <script type=\"application\/javascript\">\n                    jQuery( document ).on( 'ready', function () {\n                        rheaSelectPicker( \"#inquiry_ddd88da select.rhea_multi_select_picker\" );\n                        rheaSubmitContactForm( \"#inquiry_ddd88da\", \"#inquiry-submit-ddd88da\" );\n                    } );\n                <\/script>\n\t\t\t\t\t\t\t\t<\/div>\n\t\t\t\t<\/div>\n\t\t\t\t<\/div>\n\t\t\t\t<\/div>\n\t\t<div class=\"elementor-element elementor-element-9bf9394 e-con-full e-flex e-con e-child\" data-id=\"9bf9394\" data-element_type=\"container\" data-e-type=\"container\">\n\t\t\t\t<div class=\"elementor-element elementor-element-bd55f6f elementor-widget elementor-widget-heading\" data-id=\"bd55f6f\" data-element_type=\"widget\" data-e-type=\"widget\" data-widget_type=\"heading.default\">\n\t\t\t\t<div class=\"elementor-widget-container\">\n\t\t\t\t\t<h3 class=\"elementor-heading-title elementor-size-default\">Get in Touch<\/h3>\t\t\t\t<\/div>\n\t\t\t\t<\/div>\n\t\t\t\t<div class=\"elementor-element elementor-element-43bb0fc elementor-widget elementor-widget-heading\" data-id=\"43bb0fc\" data-element_type=\"widget\" data-e-type=\"widget\" data-widget_type=\"heading.default\">\n\t\t\t\t<div class=\"elementor-widget-container\">\n\t\t\t\t\t<h2 class=\"elementor-heading-title elementor-size-default\">Address:<\/h2>\t\t\t\t<\/div>\n\t\t\t\t<\/div>\n\t\t\t\t<div class=\"elementor-element elementor-element-68a6a51 elementor-widget elementor-widget-text-editor\" data-id=\"68a6a51\" data-element_type=\"widget\" data-e-type=\"widget\" data-widget_type=\"text-editor.default\">\n\t\t\t\t<div class=\"elementor-widget-container\">\n\t\t\t\t\t\t\t\t\t<p>Parque Tur\u00edstico Empresarial B\u00e1varo, office 207-209, 23000 B\u00e1varo Punta Cana<\/p>\t\t\t\t\t\t\t\t<\/div>\n\t\t\t\t<\/div>\n\t\t\t\t<div class=\"elementor-element elementor-element-bed9347 elementor-widget elementor-widget-heading\" data-id=\"bed9347\" data-element_type=\"widget\" data-e-type=\"widget\" data-widget_type=\"heading.default\">\n\t\t\t\t<div class=\"elementor-widget-container\">\n\t\t\t\t\t<h2 class=\"elementor-heading-title elementor-size-default\">Phone:<\/h2>\t\t\t\t<\/div>\n\t\t\t\t<\/div>\n\t\t\t\t<div class=\"elementor-element elementor-element-6a5aeb4 elementor-widget elementor-widget-text-editor\" data-id=\"6a5aeb4\" data-element_type=\"widget\" data-e-type=\"widget\" data-widget_type=\"text-editor.default\">\n\t\t\t\t<div class=\"elementor-widget-container\">\n\t\t\t\t\t\t\t\t\t<p>+1 (829) 937-7337<\/p>\t\t\t\t\t\t\t\t<\/div>\n\t\t\t\t<\/div>\n\t\t\t\t<div class=\"elementor-element elementor-element-fdb942c elementor-widget elementor-widget-heading\" data-id=\"fdb942c\" data-element_type=\"widget\" data-e-type=\"widget\" data-widget_type=\"heading.default\">\n\t\t\t\t<div class=\"elementor-widget-container\">\n\t\t\t\t\t<h2 class=\"elementor-heading-title elementor-size-default\">Email:<\/h2>\t\t\t\t<\/div>\n\t\t\t\t<\/div>\n\t\t\t\t<div class=\"elementor-element elementor-element-7e2131b elementor-widget elementor-widget-text-editor\" data-id=\"7e2131b\" data-element_type=\"widget\" data-e-type=\"widget\" data-widget_type=\"text-editor.default\">\n\t\t\t\t<div class=\"elementor-widget-container\">\n\t\t\t\t\t\t\t\t\t<p>info@innovainvestin.com<\/p>\t\t\t\t\t\t\t\t<\/div>\n\t\t\t\t<\/div>\n\t\t\t\t<div class=\"elementor-element elementor-element-16ec46f elementor-widget elementor-widget-heading\" data-id=\"16ec46f\" data-element_type=\"widget\" data-e-type=\"widget\" data-widget_type=\"heading.default\">\n\t\t\t\t<div class=\"elementor-widget-container\">\n\t\t\t\t\t<h4 class=\"elementor-heading-title elementor-size-default\"><a href=\"https:\/\/wa.me\/18299377337\" target=\"_blank\">Message us on WhatsApp<\/a><\/h4>\t\t\t\t<\/div>\n\t\t\t\t<\/div>\n\t\t\t\t<\/div>\n\t\t\t\t\t<\/div>\n\t\t\t\t<\/div>\n\t\t\t\t<\/div>\n\t\t","protected":false},"excerpt":{"rendered":"<p>Send Us a Message Full Name Country Phone \/ WhatsApp Email Address Message Send Get in Touch Address: Parque Tur\u00edstico Empresarial B\u00e1varo, office 207-209, 23000 B\u00e1varo Punta Cana Phone: +1 (829) 937-7337 Email: info@innovainvestin.com Message us on WhatsApp<\/p>\n","protected":false},"author":1,"featured_media":0,"parent":0,"menu_order":0,"comment_status":"closed","ping_status":"closed","template":"elementor_header_footer","meta":{"footnotes":""},"class_list":["post-7715","page","type-page","status-publish","hentry"],"_links":{"self":[{"href":"https:\/\/innovainvestin.com\/en\/wp-json\/wp\/v2\/pages\/7715","targetHints":{"allow":["GET"]}}],"collection":[{"href":"https:\/\/innovainvestin.com\/en\/wp-json\/wp\/v2\/pages"}],"about":[{"href":"https:\/\/innovainvestin.com\/en\/wp-json\/wp\/v2\/types\/page"}],"author":[{"embeddable":true,"href":"https:\/\/innovainvestin.com\/en\/wp-json\/wp\/v2\/users\/1"}],"replies":[{"embeddable":true,"href":"https:\/\/innovainvestin.com\/en\/wp-json\/wp\/v2\/comments?post=7715"}],"version-history":[{"count":18,"href":"https:\/\/innovainvestin.com\/en\/wp-json\/wp\/v2\/pages\/7715\/revisions"}],"predecessor-version":[{"id":10463,"href":"https:\/\/innovainvestin.com\/en\/wp-json\/wp\/v2\/pages\/7715\/revisions\/10463"}],"wp:attachment":[{"href":"https:\/\/innovainvestin.com\/en\/wp-json\/wp\/v2\/media?parent=7715"}],"curies":[{"name":"wp","href":"https:\/\/api.w.org\/{rel}","templated":true}]}}